{"id":9343,"date":"2021-01-19T14:35:09","date_gmt":"2021-01-19T14:35:09","guid":{"rendered":"https:\/\/jnroyal.de\/imprint\/"},"modified":"2022-04-01T11:55:46","modified_gmt":"2022-04-01T11:55:46","slug":"imprint","status":"publish","type":"page","link":"https:\/\/jnroyal.de\/en\/imprint\/","title":{"rendered":"Imprint"},"content":{"rendered":"<div data-elementor-type=\"wp-page\" data-elementor-id=\"9343\" class=\"elementor elementor-9343\">\n\t\t\t\t\t\t<section class=\"elementor-section elementor-top-section elementor-element elementor-element-31222d3c elementor-section-boxed elementor-section-height-default elementor-section-height-default\" data-id=\"31222d3c\" data-element_type=\"section\" data-e-type=\"section\">\n\t\t\t\t\t\t<div class=\"elementor-container elementor-column-gap-default\">\n\t\t\t\t\t<div class=\"elementor-column elementor-col-100 elementor-top-column elementor-element elementor-element-52c14f3c\" data-id=\"52c14f3c\" data-element_type=\"column\" data-e-type=\"column\">\n\t\t\t<div class=\"elementor-widget-wrap elementor-element-populated\">\n\t\t\t\t\t\t<div class=\"elementor-element elementor-element-7e8f0894 elementor-widget elementor-widget-text-editor\" data-id=\"7e8f0894\" data-element_type=\"widget\" data-e-type=\"widget\" data-widget_type=\"text-editor.default\">\n\t\t\t\t<div class=\"elementor-widget-container\">\n\t\t\t\t\t\t\t\t\t<p>Angaben gem\u00e4\u00df \u00a7 5 TMG\u00a0<\/p><p>JN Services GmbH<br \/>Knochenhauerstra\u00dfe 5,<br \/>30159 Hannover (Deutschland)<\/p><p>Handelsregisternummer im\u00a0Amtsgericht Hannover:<br \/>HRB 220420<\/p><p>Vertreten durch den Gesch\u00e4ftsf\u00fchrer:<br \/>Hossein R. Nico<\/p><p>Kontakt:<br \/>Telefon: +49 1788537330<br \/>E-Mail: info@jnservices.de<\/p><p>Bankdaten:<br \/>Name: JN Services GmbH<br \/>Institut: Postbank<br \/>IBAN: DE06 1001 0010 0414 9601 39<br \/>BIC: PBNKDEFF<\/p><p>Umsatzsteueridentifikationsnummer gem\u00e4\u00df \u00a727 a Umsatzsteuergesetz: DE321458682<\/p><p>Streitschlichtung:<br \/>Die Europ\u00e4ische Kommission stellt eine Plattform zur Online-Streitbeilegung (OS) bereit:\u00a0Unsere E-Mail-Adresse finden Sie oben im Impressum.<\/p><p>Wir sind nicht bereit oder verpflichtet, an Streitbeilegungsverfahren vor einer Verbraucherschlichtungsstelle teilzunehmen.\u00a0<\/p><p>Haftung f\u00fcr Inhalte:<br \/>Als Diensteanbieter sind wir gem\u00e4\u00df \u00a7 7 Abs.1 TMG f\u00fcr eigene Inhalte auf diesen Seiten nach den allgemeinen Gesetzen verantwortlich. Nach \u00a7\u00a7 8 bis 10 TMG sind wir als Diensteanbieter jedoch nicht verpflichtet, \u00fcbermittelte oder gespeicherte fremde Informationen zu \u00fcberwachen oder nach Umst\u00e4nden zu forschen, die auf eine rechtswidrige T\u00e4tigkeit hinweisen.<\/p><p>Verpflichtungen zur Entfernung oder Sperrung der Nutzung von Informationen nach den allgemeinen Gesetzen bleiben hiervon unber\u00fchrt. Eine diesbez\u00fcgliche Haftung ist jedoch erst ab dem Zeitpunkt der Kenntnis einer konkreten Rechtsverletzung m\u00f6glich. Bei Bekanntwerden von entsprechenden Rechtsverletzungen werden wir diese Inhalte umgehend entfernen.<\/p><p>Haftung f\u00fcr Links:<br \/>Unser Angebot enth\u00e4lt Links zu externen Websites Dritter, auf deren Inhalte wir keinen Einfluss haben. Deshalb k\u00f6nnen wir f\u00fcr diese fremden Inhalte auch keine Gew\u00e4hr \u00fcbernehmen. F\u00fcr die Inhalte der verlinkten Seiten ist stets der jeweilige Anbieter oder Betreiber der Seiten verantwortlich. Die verlinkten Seiten wurden zum Zeitpunkt der Verlinkung auf m\u00f6gliche Rechtsverst\u00f6\u00dfe \u00fcberpr\u00fcft. Rechtswidrige Inhalte waren zum Zeitpunkt der Verlinkung nicht erkennbar.<\/p><p>Eine permanente inhaltliche Kontrolle der verlinkten Seiten ist jedoch ohne konkrete Anhaltspunkte einer Rechtsverletzung nicht zumutbar. Bei Bekanntwerden von Rechtsverletzungen werden wir derartige Links umgehend entfernen.<\/p><p>Urheberrecht:<br \/>Die durch die Seitenbetreiber erstellten Inhalte und Werke auf diesen Seiten unterliegen dem deutschen Urheberrecht. Die Vervielf\u00e4ltigung, Bearbeitung, Verbreitung und jede Art der Verwertung au\u00dferhalb der Grenzen des Urheberrechtes bed\u00fcrfen der schriftlichen Zustimmung des jeweiligen Autors bzw. Erstellers. Downloads und Kopien dieser Seite sind nur f\u00fcr den privaten, nicht kommerziellen Gebrauch gestattet.<\/p><p>Soweit die Inhalte auf dieser Seite nicht vom Betreiber erstellt wurden, werden die Urheberrechte Dritter beachtet. Insbesondere werden Inhalte Dritter als solche gekennzeichnet. Sollten Sie trotzdem auf eine Urheberrechtsverletzung aufmerksam werden, bitten wir um einen entsprechenden Hinweis. Bei Bekanntwerden von Rechtsverletzungen werden wir derartige Inhalte umgehend entfernen.<\/p>\t\t\t\t\t\t\t\t<\/div>\n\t\t\t\t<\/div>\n\t\t\t\t\t<\/div>\n\t\t<\/div>\n\t\t\t\t\t<\/div>\n\t\t<\/section>\n\t\t\t\t<\/div>","protected":false},"excerpt":{"rendered":"<p>Angaben gem\u00e4\u00df \u00a7 5 TMG\u00a0 JN Services GmbHKnochenhauerstra\u00dfe 5,30159 Hannover (Deutschland) Handelsregisternummer im\u00a0Amtsgericht Hannover:HRB 220420 Vertreten durch den Gesch\u00e4ftsf\u00fchrer:Hossein R. Nico Kontakt:Telefon: +49 1788537330E-Mail: info@jnservices.de Bankdaten:Name: JN Services GmbHInstitut: PostbankIBAN: DE06 1001 0010 0414 9601 39BIC: PBNKDEFF Umsatzsteueridentifikationsnummer gem\u00e4\u00df \u00a727 a Umsatzsteuergesetz: DE321458682 Streitschlichtung:Die Europ\u00e4ische Kommission stellt eine Plattform zur Online-Streitbeilegung (OS) bereit:\u00a0Unsere E-Mail-Adresse finden [&hellip;]<\/p>\n","protected":false},"author":1,"featured_media":0,"parent":0,"menu_order":0,"comment_status":"closed","ping_status":"closed","template":"","meta":{"site-sidebar-layout":"no-sidebar","site-content-layout":"page-builder","ast-site-content-layout":"default","site-content-style":"default","site-sidebar-style":"default","ast-global-header-display":"","ast-banner-title-visibility":"","ast-main-header-display":"","ast-hfb-above-header-display":"","ast-hfb-below-header-display":"","ast-hfb-mobile-header-display":"","site-post-title":"disabled","ast-breadcrumbs-content":"","ast-featured-img":"disabled","footer-sml-layout":"","ast-disable-related-posts":"","theme-transparent-header-meta":"default","adv-header-id-meta":"","stick-header-meta":"","header-above-stick-meta":"","header-main-stick-meta":"","header-below-stick-meta":"","astra-migrate-meta-layouts":"default","ast-page-background-enabled":"default","ast-page-background-meta":{"desktop":{"background-color":"var(--ast-global-color-4)","background-image":"","background-repeat":"repeat","background-position":"center center","background-size":"auto","background-attachment":"scroll","background-type":"","background-media":"","overlay-type":"","overlay-color":"","overlay-opacity":"","overlay-gradient":""},"tablet":{"background-color":"","background-image":"","background-repeat":"repeat","background-position":"center center","background-size":"auto","background-attachment":"scroll","background-type":"","background-media":"","overlay-type":"","overlay-color":"","overlay-opacity":"","overlay-gradient":""},"mobile":{"background-color":"","background-image":"","background-repeat":"repeat","background-position":"center center","background-size":"auto","background-attachment":"scroll","background-type":"","background-media":"","overlay-type":"","overlay-color":"","overlay-opacity":"","overlay-gradient":""}},"ast-content-background-meta":{"desktop":{"background-color":"var(--ast-global-color-5)","background-image":"","background-repeat":"repeat","background-position":"center center","background-size":"auto","background-attachment":"scroll","background-type":"","background-media":"","overlay-type":"","overlay-color":"","overlay-opacity":"","overlay-gradient":""},"tablet":{"background-color":"var(--ast-global-color-5)","background-image":"","background-repeat":"repeat","background-position":"center center","background-size":"auto","background-attachment":"scroll","background-type":"","background-media":"","overlay-type":"","overlay-color":"","overlay-opacity":"","overlay-gradient":""},"mobile":{"background-color":"var(--ast-global-color-5)","background-image":"","background-repeat":"repeat","background-position":"center center","background-size":"auto","background-attachment":"scroll","background-type":"","background-media":"","overlay-type":"","overlay-color":"","overlay-opacity":"","overlay-gradient":""}},"footnotes":""},"class_list":["post-9343","page","type-page","status-publish","hentry"],"yoast_head":"<!-- This site is optimized with the Yoast SEO plugin v27.5 - https:\/\/yoast.com\/product\/yoast-seo-wordpress\/ -->\n<title>Imprint | JN Royal Saffron<\/title>\n<meta name=\"robots\" content=\"index, follow, max-snippet:-1, max-image-preview:large, max-video-preview:-1\" \/>\n<link rel=\"canonical\" href=\"https:\/\/jnroyal.de\/en\/imprint\/\" \/>\n<meta property=\"og:locale\" content=\"en_GB\" \/>\n<meta property=\"og:type\" content=\"article\" \/>\n<meta property=\"og:title\" content=\"Imprint | JN Royal Saffron\" \/>\n<meta property=\"og:description\" content=\"Angaben gem\u00e4\u00df \u00a7 5 TMG\u00a0 JN Services GmbHKnochenhauerstra\u00dfe 5,30159 Hannover (Deutschland) Handelsregisternummer im\u00a0Amtsgericht Hannover:HRB 220420 Vertreten durch den Gesch\u00e4ftsf\u00fchrer:Hossein R. Nico Kontakt:Telefon: +49 1788537330E-Mail: info@jnservices.de Bankdaten:Name: JN Services GmbHInstitut: PostbankIBAN: DE06 1001 0010 0414 9601 39BIC: PBNKDEFF Umsatzsteueridentifikationsnummer gem\u00e4\u00df \u00a727 a Umsatzsteuergesetz: DE321458682 Streitschlichtung:Die Europ\u00e4ische Kommission stellt eine Plattform zur Online-Streitbeilegung (OS) bereit:\u00a0Unsere E-Mail-Adresse finden [&hellip;]\" \/>\n<meta property=\"og:url\" content=\"https:\/\/jnroyal.de\/en\/imprint\/\" \/>\n<meta property=\"og:site_name\" content=\"JN Royal Saffron\" \/>\n<meta property=\"article:publisher\" content=\"https:\/\/www.facebook.com\/saffron.jnroyal\/\" \/>\n<meta property=\"article:modified_time\" content=\"2022-04-01T11:55:46+00:00\" \/>\n<meta property=\"og:image\" content=\"https:\/\/jnroyal.de\/wp-content\/uploads\/2020\/09\/JN-FINAL-LOGO-just-simbol-1024x724-1.jpg\" \/>\n\t<meta property=\"og:image:width\" content=\"1024\" \/>\n\t<meta property=\"og:image:height\" content=\"724\" \/>\n\t<meta property=\"og:image:type\" content=\"image\/jpeg\" \/>\n<meta name=\"twitter:card\" content=\"summary_large_image\" \/>\n<meta name=\"twitter:label1\" content=\"Estimated reading time\" \/>\n\t<meta name=\"twitter:data1\" content=\"3 minutes\" \/>\n<script type=\"application\/ld+json\" class=\"yoast-schema-graph\">{\"@context\":\"https:\\\/\\\/schema.org\",\"@graph\":[{\"@type\":\"WebPage\",\"@id\":\"https:\\\/\\\/jnroyal.de\\\/en\\\/imprint\\\/\",\"url\":\"https:\\\/\\\/jnroyal.de\\\/en\\\/imprint\\\/\",\"name\":\"Imprint | JN Royal Saffron\",\"isPartOf\":{\"@id\":\"https:\\\/\\\/jnroyal.de\\\/en\\\/#website\"},\"datePublished\":\"2021-01-19T14:35:09+00:00\",\"dateModified\":\"2022-04-01T11:55:46+00:00\",\"breadcrumb\":{\"@id\":\"https:\\\/\\\/jnroyal.de\\\/en\\\/imprint\\\/#breadcrumb\"},\"inLanguage\":\"en-GB\",\"potentialAction\":[{\"@type\":\"ReadAction\",\"target\":[\"https:\\\/\\\/jnroyal.de\\\/en\\\/imprint\\\/\"]}]},{\"@type\":\"BreadcrumbList\",\"@id\":\"https:\\\/\\\/jnroyal.de\\\/en\\\/imprint\\\/#breadcrumb\",\"itemListElement\":[{\"@type\":\"ListItem\",\"position\":1,\"name\":\"Home\",\"item\":\"https:\\\/\\\/jnroyal.de\\\/en\\\/\"},{\"@type\":\"ListItem\",\"position\":2,\"name\":\"Imprint\"}]},{\"@type\":\"WebSite\",\"@id\":\"https:\\\/\\\/jnroyal.de\\\/en\\\/#website\",\"url\":\"https:\\\/\\\/jnroyal.de\\\/en\\\/\",\"name\":\"JN Royal Saffron\",\"description\":\"JN Royal Saffron\",\"publisher\":{\"@id\":\"https:\\\/\\\/jnroyal.de\\\/en\\\/#organization\"},\"potentialAction\":[{\"@type\":\"SearchAction\",\"target\":{\"@type\":\"EntryPoint\",\"urlTemplate\":\"https:\\\/\\\/jnroyal.de\\\/en\\\/?s={search_term_string}\"},\"query-input\":{\"@type\":\"PropertyValueSpecification\",\"valueRequired\":true,\"valueName\":\"search_term_string\"}}],\"inLanguage\":\"en-GB\"},{\"@type\":\"Organization\",\"@id\":\"https:\\\/\\\/jnroyal.de\\\/en\\\/#organization\",\"name\":\"JN Services UG - JN Royal Saffron\",\"url\":\"https:\\\/\\\/jnroyal.de\\\/en\\\/\",\"logo\":{\"@type\":\"ImageObject\",\"inLanguage\":\"en-GB\",\"@id\":\"https:\\\/\\\/jnroyal.de\\\/en\\\/#\\\/schema\\\/logo\\\/image\\\/\",\"url\":\"https:\\\/\\\/i0.wp.com\\\/jnroyal.de\\\/wp-content\\\/uploads\\\/2021\\\/11\\\/cropped-white-background-transparent.png?fit=949%2C949&ssl=1\",\"contentUrl\":\"https:\\\/\\\/i0.wp.com\\\/jnroyal.de\\\/wp-content\\\/uploads\\\/2021\\\/11\\\/cropped-white-background-transparent.png?fit=949%2C949&ssl=1\",\"width\":949,\"height\":949,\"caption\":\"JN Services UG - JN Royal Saffron\"},\"image\":{\"@id\":\"https:\\\/\\\/jnroyal.de\\\/en\\\/#\\\/schema\\\/logo\\\/image\\\/\"},\"sameAs\":[\"https:\\\/\\\/www.facebook.com\\\/saffron.jnroyal\\\/\",\"https:\\\/\\\/www.instagram.com\\\/saffron.jnroyal\\\/\"]}]}<\/script>\n<!-- \/ Yoast SEO plugin. -->","yoast_head_json":{"title":"Imprint | JN Royal Saffron","robots":{"index":"index","follow":"follow","max-snippet":"max-snippet:-1","max-image-preview":"max-image-preview:large","max-video-preview":"max-video-preview:-1"},"canonical":"https:\/\/jnroyal.de\/en\/imprint\/","og_locale":"en_GB","og_type":"article","og_title":"Imprint | JN Royal Saffron","og_description":"Angaben gem\u00e4\u00df \u00a7 5 TMG\u00a0 JN Services GmbHKnochenhauerstra\u00dfe 5,30159 Hannover (Deutschland) Handelsregisternummer im\u00a0Amtsgericht Hannover:HRB 220420 Vertreten durch den Gesch\u00e4ftsf\u00fchrer:Hossein R. Nico Kontakt:Telefon: +49 1788537330E-Mail: info@jnservices.de Bankdaten:Name: JN Services GmbHInstitut: PostbankIBAN: DE06 1001 0010 0414 9601 39BIC: PBNKDEFF Umsatzsteueridentifikationsnummer gem\u00e4\u00df \u00a727 a Umsatzsteuergesetz: DE321458682 Streitschlichtung:Die Europ\u00e4ische Kommission stellt eine Plattform zur Online-Streitbeilegung (OS) bereit:\u00a0Unsere E-Mail-Adresse finden [&hellip;]","og_url":"https:\/\/jnroyal.de\/en\/imprint\/","og_site_name":"JN Royal Saffron","article_publisher":"https:\/\/www.facebook.com\/saffron.jnroyal\/","article_modified_time":"2022-04-01T11:55:46+00:00","og_image":[{"width":1024,"height":724,"url":"https:\/\/jnroyal.de\/wp-content\/uploads\/2020\/09\/JN-FINAL-LOGO-just-simbol-1024x724-1.jpg","type":"image\/jpeg"}],"twitter_card":"summary_large_image","twitter_misc":{"Estimated reading time":"3 minutes"},"schema":{"@context":"https:\/\/schema.org","@graph":[{"@type":"WebPage","@id":"https:\/\/jnroyal.de\/en\/imprint\/","url":"https:\/\/jnroyal.de\/en\/imprint\/","name":"Imprint | JN Royal Saffron","isPartOf":{"@id":"https:\/\/jnroyal.de\/en\/#website"},"datePublished":"2021-01-19T14:35:09+00:00","dateModified":"2022-04-01T11:55:46+00:00","breadcrumb":{"@id":"https:\/\/jnroyal.de\/en\/imprint\/#breadcrumb"},"inLanguage":"en-GB","potentialAction":[{"@type":"ReadAction","target":["https:\/\/jnroyal.de\/en\/imprint\/"]}]},{"@type":"BreadcrumbList","@id":"https:\/\/jnroyal.de\/en\/imprint\/#breadcrumb","itemListElement":[{"@type":"ListItem","position":1,"name":"Home","item":"https:\/\/jnroyal.de\/en\/"},{"@type":"ListItem","position":2,"name":"Imprint"}]},{"@type":"WebSite","@id":"https:\/\/jnroyal.de\/en\/#website","url":"https:\/\/jnroyal.de\/en\/","name":"JN Royal Saffron","description":"JN Royal Saffron","publisher":{"@id":"https:\/\/jnroyal.de\/en\/#organization"},"potentialAction":[{"@type":"SearchAction","target":{"@type":"EntryPoint","urlTemplate":"https:\/\/jnroyal.de\/en\/?s={search_term_string}"},"query-input":{"@type":"PropertyValueSpecification","valueRequired":true,"valueName":"search_term_string"}}],"inLanguage":"en-GB"},{"@type":"Organization","@id":"https:\/\/jnroyal.de\/en\/#organization","name":"JN Services UG - JN Royal Saffron","url":"https:\/\/jnroyal.de\/en\/","logo":{"@type":"ImageObject","inLanguage":"en-GB","@id":"https:\/\/jnroyal.de\/en\/#\/schema\/logo\/image\/","url":"https:\/\/i0.wp.com\/jnroyal.de\/wp-content\/uploads\/2021\/11\/cropped-white-background-transparent.png?fit=949%2C949&ssl=1","contentUrl":"https:\/\/i0.wp.com\/jnroyal.de\/wp-content\/uploads\/2021\/11\/cropped-white-background-transparent.png?fit=949%2C949&ssl=1","width":949,"height":949,"caption":"JN Services UG - JN Royal Saffron"},"image":{"@id":"https:\/\/jnroyal.de\/en\/#\/schema\/logo\/image\/"},"sameAs":["https:\/\/www.facebook.com\/saffron.jnroyal\/","https:\/\/www.instagram.com\/saffron.jnroyal\/"]}]}},"_links":{"self":[{"href":"https:\/\/jnroyal.de\/en\/wp-json\/wp\/v2\/pages\/9343","targetHints":{"allow":["GET"]}}],"collection":[{"href":"https:\/\/jnroyal.de\/en\/wp-json\/wp\/v2\/pages"}],"about":[{"href":"https:\/\/jnroyal.de\/en\/wp-json\/wp\/v2\/types\/page"}],"author":[{"embeddable":true,"href":"https:\/\/jnroyal.de\/en\/wp-json\/wp\/v2\/users\/1"}],"replies":[{"embeddable":true,"href":"https:\/\/jnroyal.de\/en\/wp-json\/wp\/v2\/comments?post=9343"}],"version-history":[{"count":0,"href":"https:\/\/jnroyal.de\/en\/wp-json\/wp\/v2\/pages\/9343\/revisions"}],"wp:attachment":[{"href":"https:\/\/jnroyal.de\/en\/wp-json\/wp\/v2\/media?parent=9343"}],"curies":[{"name":"wp","href":"https:\/\/api.w.org\/{rel}","templated":true}]}}